{"id":7,"date":"2021-07-13T12:48:15","date_gmt":"2021-07-13T10:48:15","guid":{"rendered":"https:\/\/www.lekarenpata.sk\/?page_id=7"},"modified":"2023-03-24T10:49:46","modified_gmt":"2023-03-24T09:49:46","slug":"7-2","status":"publish","type":"page","link":"https:\/\/www.lekarenpata.sk\/","title":{"rendered":""},"content":{"rendered":"\n<!-- COOKIES -->\n<div class=\"alert text-center cookiealert\" role=\"alert\">\nStr\u00e1nka pou\u017e\u00edva s\u00fabory cookies. Bli\u017e\u0161ie inform\u00e1cie z\u00edskate v dokumente <a class=\"text-dark\" href=\"docpata\/pata-cookies.pdf\" target=\"_blank\" rel=\"noopener\"><b>Z\u00e1sady pou\u017e\u00edvania cookies na na\u0161ej web str\u00e1nke<\/b><\/a>.\n<button type=\"button\" class=\"acceptcookies btn-dark\" aria-label=\"Zavrie\u0165\">\t\t\t\t<b>Zavrie\u0165<\/b>\n<\/button>\n<\/div>\n\n\n\n<!-- Rezerev\u00e1cia -->\n<div id=\"reservation\" class=\"text-center\">\n\n<div class=\"container px-4 py-3 rounded pink\">\n   \n<div class=\"row d-flex justify-content-center\">\n\n<div class=\"col-md-9 text-center text-md-left my-auto\">\n<h4 class=\"my-auto poppins text-white\">REZERV\u00c1CIA RECEPTU ONLINE \/ <span class=\"font-weight-lighter\">VYSK\u00da\u0160AJTE NA\u0160U NOV\u00da SLU\u017dBU<\/span><\/h4>\n\n<\/div>\n\n<div class=\"col-md-3 text-center text-md-right my-auto\">\n<a class=\"btn\" data-toggle=\"collapse\" href=\"#collapseExample\" role=\"button\" aria-expanded=\"false\" aria-controls=\"collapseExample\">REZERVOVA\u0164 RECEPT<\/a>\n<\/div>\n\n<div class=\"collapse\" id=\"collapseExample\">\n<div class=\"card card-body mt-3\">\n\n<h2>Rezerev\u00e1cia e-receptu<\/h2>\t\t\t\t\t\t\nZvol\u00edte si lek\u00e1re\u0148 \u00bb Zad\u00e1te svoje \u00fadaje \u00bb Odo\u0161lete<br>\nPo vybaven\u00ed rezerv\u00e1cie v\u00e1s skontaktujeme a lieky si vyzdvihnete vo zvolenej lek\u00e1rni.<br><br>\nPros\u00edm vypl\u0148te v\u0161etky polo\u017eky ozna\u010den\u00e9 *<br>\n<hr style=\"height:2px;border-width:0;color:#DCDCDC;background-color:#DCDCDC;\"><br>\nLiek si chcem vyzdvihn\u00fa\u0165 v lek\u00e1rni:<br><br>\n<form id=\"rezervacia\">\n<input id=\"zdravia\" name=\"lekaren\" type=\"radio\" value=\"zdravia\" required=\"\"><br><label for=\"Zdravia\"><b>Lek\u00e1re\u0148 Zdravia Pata<\/b>, Nitrianska 2, Pata *<\/label><br>\n<input id=\"herba\" name=\"lekaren\" type=\"radio\" value=\"herba\" required=\"\"><br><label for=\"Herba\"><b>Lek\u00e1re\u0148 Herba Pata<\/b>, Hlohoveck\u00e1 103, Pata *<\/label><br>\n<input id=\"arnika\" name=\"lekaren\" type=\"radio\" value=\"arnika\" required=\"\"><br><label for=\"Arnika\"><b>Lek\u00e1re\u0148 Arnika \u0160opor\u0148a<\/b>, Po\u0161tov\u00e1 1548, \u0160opor\u0148a *<\/label><br><br>\n<input id=\"rodcislo\" name=\"rodcislo\" type=\"text\" required=\"\"><br>\n<label for=\"rodcislo\">Rodn\u00e9 \u010d\u00edslo*<\/label><br><br>\n<input id=\"priezvisko\" name=\"priezvisko\" type=\"text\" required=\"\"><br>\n<label for=\"priezvisko\">Priezvisko*<\/label><br><br>\n<input id=\"telefon\" name=\"telefon\" type=\"text\" required=\"\"><br>\n<label for=\"telefon\">Telef\u00f3n*<\/label><br><br>\n<textarea id=\"sprava\" name=\"sprava\" rows=\"4\"><\/textarea><br>\n<label for=\"sprava\">Spr\u00e1va pre lek\u00e1re\u0148 (Nepovinn\u00e9)<\/label><br><br>\n<input id=\"acceptTerms\" name=\"acceptTerms\" type=\"checkbox\" required=\"\"> <label for=\"acceptTerms\">S\u00fahlas\u00edm so <a href=\"docpata\/pata-podmienky-rezervacie.pdf\" target=\"_blank\" rel=\"noopener\">V\u0161eobecn\u00fdmi podmienkami rezerv\u00e1cie<\/a> a <a href=\"docpata\/pata-ou.pdf\" target=\"_blank\" rel=\"noopener\">Podmienkami spracovania osobn\u00fdch \u00fadajov<\/a>.*<\/label><br><br>\n\n<button class=\"btn btn-outline-dark g-recaptcha\" value=\"Z\u00c1V\u00c4ZNE OBJEDNA\u0164\" data-sitekey=\"6LfEgOQZAAAAAEuVBL_fOlmV6ms_tfkoBtBkhpNH\" data-callback=\"capchaSubmit\" data-action=\"submit\">Z\u00c1V\u00c4ZNE OBJEDNA\u0164<\/button>\t\t\t\t\t\n\n<\/form>\n\n<div class=\"text-black-50 pt-3\" style=\"font-size:10px;\">Str\u00e1nka je chr\u00e1nen\u00e1 s reCAPTCHA a <a href=\"https:\/\/policies.google.com\/privacy\" target=\"_blank\" rel=\"noopener\">Z\u00e1sadami ochrany osobn\u00fdch \u00fadajov<\/a> f. Google a vs\u0165ahuj\u00fa sa na \u0148u <a href=\"https:\/\/policies.google.com\/terms\" target=\"_blank\" rel=\"noopener\">Podmenky pou\u017e\u00edvania slu\u017eby<\/a>.\n<\/div>\n\t\t\t\t\n<\/div>\n<\/div>\n\n<\/div>\n<\/div>\n<\/div>\n\n<!-- MODAL -->\n\n<div class=\"modal fade\" id=\"resultModal\" tabindex=\"-1\" aria-labelledby=\"resultModalLabel\" aria-hidden=\"true\">\n<div class=\"modal-dialog bg-success\">\n<div class=\"modal-content\">\n<div class=\"modal-header\">\n<h2 class=\"modal-title\" id=\"exampleModalLabel\">Rezerv\u00e1cia receptu<\/h2>\n<\/div>\n<div class=\"modal-body\" id=\"resultMessage\"><\/div>\n<div class=\"modal-footer\">\n<button type=\"button\" class=\"btn btn-secondary\" data-dismiss=\"modal\">ZAVRIE\u0164<\/button>\n<\/div>\n<\/div>\n<\/div>\n<\/div>\n\n\n\n<div class=\"wp-block-columns p-0 m-0 is-layout-flex wp-container-core-columns-is-layout-9d6595d7 wp-block-columns-is-layout-flex\">\n<div class=\"wp-block-column py-5 my-0 is-layout-flow wp-block-column-is-layout-flow\">\n<h1 class=\"has-text-align-center bgmain rounded p-5 my-0 has-huge-font-size wp-block-heading\">Nez\u00e1visl\u00e9 lek\u00e1r\u0148e v Pate a \u0160opor\u0148i, kde okrem najlep\u0161\u00edch produktov dostanete aj \u013eudsk\u00fd pr\u00edstup a \u00fasmev na tv\u00e1ri.<\/h1>\n<\/div>\n<\/div>\n\n\n\n<div class=\"wp-block-columns row m-0 is-layout-flex wp-container-core-columns-is-layout-9d6595d7 wp-block-columns-is-layout-flex\">\n<div class=\"wp-block-column bg-white rounded p-5 col-xs-12 mb-4 c1 is-layout-flow wp-block-column-is-layout-flow\">\n<h2 class=\"wp-block-heading\">Lek\u00e1re\u0148 Zdravia Pata<\/h2>\n\n\n\n<p>Nitrianska 2, Pata<br>Otvoren\u00e9: Po-Pi, 7:30-16:00<br>SO, 8:00-12:00<\/p>\n\n\n\n<p>031\/7899433<\/p>\n<\/div>\n\n\n\n<div class=\"wp-block-column bg-white rounded p-5 col-xs-12 mb-4 c2 is-layout-flow wp-block-column-is-layout-flow\">\n<h2 class=\"wp-block-heading\">Lek\u00e1re\u0148 Herba<br>Pata<\/h2>\n\n\n\n<p>Hlohoveck\u00e1 103, Pata<br>Otvoren\u00e9: Po-Pi, 8:00\u201315:00<\/p>\n\n\n\n<p>031\/786 00 37<\/p>\n\n\n\n<a class=\"btn text-wrap\" href=\"https:\/\/www.edelia.sk\/lekaren\/\" target=\"_blank\" rel=\"noreferrer noopener\">Prejdite na E-SHOP<\/a>\n<\/div>\n\n\n\n<div class=\"wp-block-column bg-white rounded p-5 col-xs-12 mb-4 c3 is-layout-flow wp-block-column-is-layout-flow\">\n<h2 class=\"wp-block-heading\">Lek\u00e1re\u0148 Arnika<br>\u0160opor\u0148a<\/h2>\n\n\n\n<p>Po\u0161tov\u00e1 1548, \u0160opor\u0148a<br>Otvoren\u00e9: Po-Pi, 7:30\u201316:00<\/p>\n\n\n\n<p>031\/550 12 04<\/p>\n<\/div>\n<\/div>\n\n\n\n<div style=\"height:100px\" aria-hidden=\"true\" id=\"novinky\" class=\"wp-block-spacer\"><\/div>\n\n\n\n<div class=\"wp-block-columns is-layout-flex wp-container-core-columns-is-layout-9d6595d7 wp-block-columns-is-layout-flex\">\n<div class=\"wp-block-column bg-white rounded px-5 py-5 disabled is-layout-flow wp-block-column-is-layout-flow\">\n<h2 class=\"has-text-align-center wp-block-heading\">Novinky<\/h2>\n\n\n<div class=\"wp-block-image rounded\">\n<figure class=\"aligncenter size-large\"><img loading=\"lazy\" decoding=\"async\" width=\"1024\" height=\"256\" src=\"https:\/\/www.lekarenpata.sk\/wp-content\/uploads\/banner-p-1-1024x256.jpg\" alt=\"\" class=\"wp-image-959\" title=\"lekarenpata.sk\" srcset=\"https:\/\/www.lekarenpata.sk\/wp-content\/uploads\/banner-p-1-1024x256.jpg 1024w, https:\/\/www.lekarenpata.sk\/wp-content\/uploads\/banner-p-1-300x75.jpg 300w, https:\/\/www.lekarenpata.sk\/wp-content\/uploads\/banner-p-1-768x192.jpg 768w, https:\/\/www.lekarenpata.sk\/wp-content\/uploads\/banner-p-1.jpg 1320w\" sizes=\"auto, (max-width: 1024px) 100vw, 1024px\" \/><\/figure>\n<\/div>\n\n\n<p class=\"has-text-align-center\">Rezervujte si svoj liek z pohodlia domova a vyzdvihnite si ho v \u010dase, kedy v\u00e1m to vyhovuje.<\/p>\n\n\n\n<hr class=\"wp-block-separator has-text-color has-css-opacity has-background my-5\" style=\"background-color:#efefef;color:#efefef\"\/>\n\n\n<ul class=\"wp-block-latest-posts__list has-dates aligncenter disabled text-center wp-block-latest-posts\"><li><a class=\"wp-block-latest-posts__post-title\" href=\"https:\/\/www.lekarenpata.sk\/index.php\/2021\/07\/13\/nasa-nova-stranka\/\">Na\u0161a nov\u00e1 str\u00e1nka<\/a><time datetime=\"2021-07-13T12:17:09+02:00\" class=\"wp-block-latest-posts__post-date\">13. j\u00fala 2021<\/time><div class=\"wp-block-latest-posts__post-full-content\"><!-- wp:paragraph -->\n<p>Vitajte na na\u0161ej novej str\u00e1nke. Okrem d\u00f4le\u017eit\u00fdch inform\u00e1ci\u00ed na nej n\u00e1jdete aj mo\u017enos\u0165 rezerv\u00e1cie e-receptu.<\/p>\n<!-- \/wp:paragraph --><\/div><\/li>\n<\/ul><\/div>\n<\/div>\n\n\n\n<div style=\"height:1px\" aria-hidden=\"true\" id=\"onas\" class=\"wp-block-spacer oddel\"><\/div>\n\n\n\n<div class=\"wp-block-columns are-vertically-aligned-top bg-white mt-5 mb-0 p-5 rounded-top is-layout-flex wp-container-core-columns-is-layout-9d6595d7 wp-block-columns-is-layout-flex\">\n<div class=\"wp-block-column is-vertically-aligned-top is-layout-flow wp-block-column-is-layout-flow\">\n<h2 class=\"wp-block-heading\">Zdravia<\/h2>\n\n\n\n<p>Lek\u00e1re\u0148 pon\u00faka priate\u013esk\u00fa atmosf\u00e9ru. Nach\u00e1dza sa v obchodnom centre Terno Pata. Parkovanie je zabezpe\u010den\u00e9 priamo pred centrom. Lek\u00e1re\u0148 je do dvoch min\u00fat dostupn\u00e1 z dia\u013enice Nitra &#8211; Bratislava. Pon\u00faka aj slu\u017eby pre DSS a pr\u00edpravu IPL.<\/p>\n<\/div>\n\n\n\n<div class=\"wp-block-column is-vertically-aligned-top is-layout-flow wp-block-column-is-layout-flow\">\n<h2 class=\"wp-block-heading\">Herba<\/h2>\n\n\n\n<p>Pon\u00faka \u0161irok\u00fd sortiment predpisov\u00fdch aj vo\u013enopredajn\u00fdch a veterin\u00e1rnych liekov. N\u00e1jdete ju na hlavnej ulici Hlohoveck\u00e1 v Pate.<\/p>\n<\/div>\n\n\n\n<div class=\"wp-block-column is-vertically-aligned-top is-layout-flow wp-block-column-is-layout-flow\">\n<h2 class=\"wp-block-heading\">Arnika<\/h2>\n\n\n\n<p>Lek\u00e1re\u0148 s dlhoro\u010dnou rodinnou atmosf\u00e9rou, zabezpe\u010duje individu\u00e1lne po\u017eiadavky svojich z\u00e1kazn\u00edkov. N\u00e1jdete ju pri obecnom \u00far\u00e1de \u0160opor\u0148a. Pred lek\u00e1r\u0148ou je mo\u017enos\u0165 pohodln\u00e9ho parkovania. <\/p>\n<\/div>\n<\/div>\n\n\n\n<figure class=\"wp-block-image size-full m-0\"><img loading=\"lazy\" decoding=\"async\" width=\"1320\" height=\"743\" src=\"https:\/\/www.lekarenpata.sk\/wp-content\/uploads\/imgl1.jpg\" alt=\"\" class=\"wp-image-862\" title=\"lek\u00e1re\u0148\" srcset=\"https:\/\/www.lekarenpata.sk\/wp-content\/uploads\/imgl1.jpg 1320w, https:\/\/www.lekarenpata.sk\/wp-content\/uploads\/imgl1-300x169.jpg 300w, https:\/\/www.lekarenpata.sk\/wp-content\/uploads\/imgl1-1024x576.jpg 1024w, https:\/\/www.lekarenpata.sk\/wp-content\/uploads\/imgl1-768x432.jpg 768w\" sizes=\"auto, (max-width: 1320px) 100vw, 1320px\" \/><\/figure>\n\n\n\n<div style=\"height:1px\" aria-hidden=\"true\" class=\"wp-block-spacer oddel\"><\/div>\n\n\n\n<div class=\"wp-block-columns bg-white mt-5 mb-0 p-5 align-items-center rounded-top is-layout-flex wp-container-core-columns-is-layout-9d6595d7 wp-block-columns-is-layout-flex\" id=\"karta\">\n<div class=\"wp-block-column is-vertically-aligned-center is-layout-flow wp-block-column-is-layout-flow\"><div class=\"wp-block-image p-0 p-lg-5\">\n<figure class=\"aligncenter size-full\"><img loading=\"lazy\" decoding=\"async\" width=\"600\" height=\"410\" src=\"https:\/\/www.lekarenpata.sk\/wp-content\/uploads\/img-karta.jpg\" alt=\"\" class=\"wp-image-876\" title=\"plus\" srcset=\"https:\/\/www.lekarenpata.sk\/wp-content\/uploads\/img-karta.jpg 600w, https:\/\/www.lekarenpata.sk\/wp-content\/uploads\/img-karta-300x205.jpg 300w\" sizes=\"auto, (max-width: 600px) 100vw, 600px\" \/><\/figure>\n<\/div><\/div>\n\n\n\n<div class=\"wp-block-column is-layout-flow wp-block-column-is-layout-flow\">\n<h2 class=\"wp-block-heading\">Vernostn\u00e1 karta<\/h2>\n\n\n\n<p>Vernostn\u00fd program PLUS LEK\u00c1RE\u0147 je z\u00e1kazn\u00edcky vernostn\u00fd program, ktor\u00fd plat\u00ed vo vybran\u00fdch lek\u00e1r\u0148ach PLUS LEK\u00c1RE\u0147.<\/p>\n\n\n\n<p><strong>PRE\u010cO SA REGISTROVA\u0164?<\/strong><\/p>\n\n\n\n<p>Vernostn\u00fd program poskytuje n\u00e1kupn\u00e9 v\u00fdhody z\u00e1kazn\u00edkom oproti be\u017en\u00fdm z\u00e1kazn\u00edkom.<\/p>\n\n\n\n<p><strong>AK\u00c9 DOSTANEM V\u00ddHODY?<\/strong><\/p>\n\n\n\n<p>V\u00fdraznej\u0161ie z\u013eavy na vybran\u00e9 produkty, uplatnenie bodov vo forme z\u013eavy na vybran\u00e9 portf\u00f3lio, \u0161peci\u00e1lne ponuky, personifikovan\u00e9 akcie.<\/p>\n\n\n\n<p><strong>AKO ZA\u010cA\u0164?<\/strong><\/p>\n\n\n\n<p>Z\u00e1kladom vernostn\u00e9ho programu je zbieranie bodov na vernostn\u00fa kartu. Registrujte si ju preto e\u0161te dnes!<\/p>\n<\/div>\n<\/div>\n\n\n\n<figure class=\"wp-block-image size-full m-0\"><img loading=\"lazy\" decoding=\"async\" width=\"1320\" height=\"743\" src=\"https:\/\/www.lekarenpata.sk\/wp-content\/uploads\/imgl2.jpg\" alt=\"\" class=\"wp-image-864\" title=\"vo\u013enopedaj\" srcset=\"https:\/\/www.lekarenpata.sk\/wp-content\/uploads\/imgl2.jpg 1320w, https:\/\/www.lekarenpata.sk\/wp-content\/uploads\/imgl2-300x169.jpg 300w, https:\/\/www.lekarenpata.sk\/wp-content\/uploads\/imgl2-1024x576.jpg 1024w, https:\/\/www.lekarenpata.sk\/wp-content\/uploads\/imgl2-768x432.jpg 768w\" sizes=\"auto, (max-width: 1320px) 100vw, 1320px\" \/><\/figure>\n\n\n\n<div style=\"height:1px\" aria-hidden=\"true\" class=\"wp-block-spacer oddel\"><\/div>\n\n\n\n<div class=\"wp-block-columns bg-white mt-5 mb-0 p-5 align-items-center rounded-top is-layout-flex wp-container-core-columns-is-layout-9d6595d7 wp-block-columns-is-layout-flex\" id=\"plus\">\n<div class=\"wp-block-column is-layout-flow wp-block-column-is-layout-flow\">\n<figure class=\"wp-block-image size-full p-0 p-lg-5\"><img loading=\"lazy\" decoding=\"async\" width=\"600\" height=\"410\" src=\"https:\/\/www.lekarenpata.sk\/wp-content\/uploads\/plus.png\" alt=\"\" class=\"wp-image-878\" title=\"lek\u00e1re\u0148 plus\" srcset=\"https:\/\/www.lekarenpata.sk\/wp-content\/uploads\/plus.png 600w, https:\/\/www.lekarenpata.sk\/wp-content\/uploads\/plus-300x205.png 300w\" sizes=\"auto, (max-width: 600px) 100vw, 600px\" \/><\/figure>\n<\/div>\n\n\n\n<div class=\"wp-block-column is-layout-flow wp-block-column-is-layout-flow\">\n<h2 class=\"wp-block-heading\">PLUS Lek\u00e1re\u0148<\/h2>\n\n\n\n<p>Pod zna\u010dkou PLUS LEK\u00c1RE\u0147 vystupuje moment\u00e1lne najv\u00e4\u010d\u0161ie zoskupenie nez\u00e1visl\u00fdch lek\u00e1rnikov a lek\u00e1rn\u00ed. Je n\u00e1s u\u017e takmer 500.<br>Produkty ozna\u010den\u00e9 zna\u010dkou PLUS LEK\u00c1RE\u0147 predstavuj\u00fa vysoko kvalitn\u00fd sortiment, ktor\u00fd v lek\u00e1rni nakupujete naj\u010dastej\u0161ie a to za v\u00fdhodn\u00e9 ceny. V\u00fdrobcami s\u00fa len certifikovan\u00e9 spolo\u010dnosti. Postupne sa t\u00e1to produktov\u00e1 rada roz\u0161iruje.<\/p>\n\n\n\n<p>Odkaz na aktu\u00e1lnu akciov\u00fa ponuku:&nbsp;<a href=\"https:\/\/pluslekaren.sk\/akciove-produkty\/\" target=\"_blank\" rel=\"noreferrer noopener\">www.pluslekaren.sk\/akciove-produkty<\/a><\/p>\n<\/div>\n<\/div>\n\n\n\n<figure class=\"wp-block-image size-full m-0\"><img loading=\"lazy\" decoding=\"async\" width=\"1320\" height=\"743\" src=\"https:\/\/www.lekarenpata.sk\/wp-content\/uploads\/imgl3.jpg\" alt=\"\" class=\"wp-image-865\" title=\"\u010daje\" srcset=\"https:\/\/www.lekarenpata.sk\/wp-content\/uploads\/imgl3.jpg 1320w, https:\/\/www.lekarenpata.sk\/wp-content\/uploads\/imgl3-300x169.jpg 300w, https:\/\/www.lekarenpata.sk\/wp-content\/uploads\/imgl3-1024x576.jpg 1024w, https:\/\/www.lekarenpata.sk\/wp-content\/uploads\/imgl3-768x432.jpg 768w\" sizes=\"auto, (max-width: 1320px) 100vw, 1320px\" \/><\/figure>\n\n\n\n<div style=\"height:30px\" aria-hidden=\"true\" id=\"kontakt\" class=\"wp-block-spacer oddel\"><\/div>\n\n\n\n<h2 class=\"has-text-align-center mt-3 wp-block-heading\">Kontakt<\/h2>\n\n\n\n<div style=\"height:30px\" aria-hidden=\"true\" class=\"wp-block-spacer\"><\/div>\n\n\n\n<div class=\"wp-block-columns text-center is-layout-flex wp-container-core-columns-is-layout-9d6595d7 wp-block-columns-is-layout-flex\">\n<div class=\"wp-block-column is-layout-flow wp-block-column-is-layout-flow\">\n<h2 class=\"wp-block-heading\" style=\"font-size:24px\"><strong>Lek\u00e1re\u0148 Zdravia Pata<\/strong><\/h2>\n\n\n\n<p>Nitrianska 2, Pata<\/p>\n\n\n\n<p>031\/7899433<\/p>\n<\/div>\n\n\n\n<div class=\"wp-block-column is-layout-flow wp-block-column-is-layout-flow\">\n<h2 class=\"wp-block-heading\" style=\"font-size:24px\"><strong>Lek\u00e1re\u0148 Herba Pata<\/strong><\/h2>\n\n\n\n<p>Hlohoveck\u00e1 103, Pata<\/p>\n\n\n\n<p>031\/786 00 37<\/p>\n<\/div>\n\n\n\n<div class=\"wp-block-column is-layout-flow wp-block-column-is-layout-flow\">\n<h2 class=\"wp-block-heading\" style=\"font-size:24px\"><strong>Lek\u00e1re\u0148 Arnika \u0160opor\u0148a<\/strong><\/h2>\n\n\n\n<p>Po\u0161tov\u00e1 1548, \u0160opor\u0148a<\/p>\n\n\n\n<p>031\/550 12 04<\/p>\n<\/div>\n<\/div>\n\n\n\n<iframe loading=\"lazy\" src=\"https:\/\/www.google.com\/maps\/d\/embed?mid=1N6flQc1kAE6GIWlISMtBPiz1WMZXjxLe\" width=\"1320\" height=\"600\"><\/iframe>\n","protected":false},"excerpt":{"rendered":"<p>Str\u00e1nka pou\u017e\u00edva s\u00fabory cookies. Bli\u017e\u0161ie inform\u00e1cie z\u00edskate v dokumente Z\u00e1sady pou\u017e\u00edvania cookies na na\u0161ej web str\u00e1nke. Zavrie\u0165 REZERV\u00c1CIA RECEPTU ONLINE \/ VYSK\u00da\u0160AJTE NA\u0160U NOV\u00da SLU\u017dBU REZERVOVA\u0164 RECEPT Rezerev\u00e1cia e-receptu Zvol\u00edte si lek\u00e1re\u0148 \u00bb Zad\u00e1te svoje \u00fadaje \u00bb Odo\u0161lete Po vybaven\u00ed rezerv\u00e1cie v\u00e1s skontaktujeme a lieky si vyzdvihnete vo zvolenej lek\u00e1rni. Pros\u00edm vypl\u0148te v\u0161etky polo\u017eky ozna\u010den\u00e9 [&hellip;]<\/p>\n","protected":false},"author":1,"featured_media":0,"parent":0,"menu_order":0,"comment_status":"closed","ping_status":"closed","template":"fullwidth.php","meta":{"footnotes":""},"class_list":["post-7","page","type-page","status-publish","hentry"],"_links":{"self":[{"href":"https:\/\/www.lekarenpata.sk\/index.php\/wp-json\/wp\/v2\/pages\/7","targetHints":{"allow":["GET"]}}],"collection":[{"href":"https:\/\/www.lekarenpata.sk\/index.php\/wp-json\/wp\/v2\/pages"}],"about":[{"href":"https:\/\/www.lekarenpata.sk\/index.php\/wp-json\/wp\/v2\/types\/page"}],"author":[{"embeddable":true,"href":"https:\/\/www.lekarenpata.sk\/index.php\/wp-json\/wp\/v2\/users\/1"}],"replies":[{"embeddable":true,"href":"https:\/\/www.lekarenpata.sk\/index.php\/wp-json\/wp\/v2\/comments?post=7"}],"version-history":[{"count":353,"href":"https:\/\/www.lekarenpata.sk\/index.php\/wp-json\/wp\/v2\/pages\/7\/revisions"}],"predecessor-version":[{"id":1042,"href":"https:\/\/www.lekarenpata.sk\/index.php\/wp-json\/wp\/v2\/pages\/7\/revisions\/1042"}],"wp:attachment":[{"href":"https:\/\/www.lekarenpata.sk\/index.php\/wp-json\/wp\/v2\/media?parent=7"}],"curies":[{"name":"wp","href":"https:\/\/api.w.org\/{rel}","templated":true}]}}